{"id":7633,"date":"2025-11-19T15:23:34","date_gmt":"2025-11-19T15:23:34","guid":{"rendered":"https:\/\/amashop.hu\/?page_id=7633"},"modified":"2025-12-07T15:52:21","modified_gmt":"2025-12-07T15:52:21","slug":"e-book","status":"publish","type":"page","link":"https:\/\/amashop.hu\/en\/e-book\/","title":{"rendered":"E-book"},"content":{"rendered":"<div data-elementor-type=\"wp-page\" data-elementor-id=\"7633\" class=\"elementor elementor-7633\" data-elementor-post-type=\"page\">\n\t\t\t\t<div class=\"elementor-element elementor-element-5ae527c elementor-hidden-desktop elementor-hidden-tablet elementor-hidden-mobile e-flex e-con-boxed e-con e-parent\" data-id=\"5ae527c\" data-element_type=\"container\" data-settings=\"{&quot;background_background&quot;:&quot;classic&quot;}\">\n\t\t\t\t\t<div class=\"e-con-inner\">\n\t\t<div class=\"elementor-element elementor-element-fed992f e-con-full e-flex e-con e-child\" data-id=\"fed992f\" data-element_type=\"container\">\n\t\t\t\t<div class=\"elementor-element elementor-element-dc3505b notranslate elementor-widget elementor-widget-qi_addons_for_elementor_animated_text\" data-id=\"dc3505b\" data-element_type=\"widget\" data-widget_type=\"qi_addons_for_elementor_animated_text.default\" data-no-translation=\"\">\n\t\t\t\t<div class=\"elementor-widget-container\">\n\t\t\t\t\t<style>.elementor-element-dc3505b{display:none !important}<\/style>\t\t\t\t<\/div>\n\t\t\t\t<\/div>\n\t\t\t\t<div class=\"elementor-element elementor-element-7b3740e elementor-widget elementor-widget-text-editor\" data-id=\"7b3740e\" data-element_type=\"widget\" data-widget_type=\"text-editor.default\">\n\t\t\t\t\t\t\t\t\t<p>Seg\u00edt\u00fcnk a tervez\u00e9st\u0151l a kivitelez\u00e9sig \u2014 t\u00f6ltse le \u00fatmutat\u00f3inkat \u00e9s fejlessze \u00fczlet\u00e9t tudatosan.<\/p>\t\t\t\t\t\t\t\t<\/div>\n\t\t\t\t<\/div>\n\t\t\t\t\t<\/div>\n\t\t\t\t<\/div>\n\t\t<div class=\"elementor-element elementor-element-4d10633 e-grid elementor-hidden-desktop elementor-hidden-tablet elementor-hidden-mobile e-con-boxed e-con e-parent\" data-id=\"4d10633\" data-element_type=\"container\" data-settings=\"{&quot;background_background&quot;:&quot;classic&quot;}\">\n\t\t\t\t\t<div class=\"e-con-inner\">\n\t\t\t\t<div class=\"elementor-element elementor-element-46d4706 elementor-cta--layout-image-left elementor-cta--mobile-layout-image-above elementor-cta--skin-classic elementor-animated-content elementor-bg-transform elementor-bg-transform-zoom-in elementor-widget elementor-widget-call-to-action\" data-id=\"46d4706\" data-element_type=\"widget\" data-widget_type=\"call-to-action.default\">\n\t\t\t\t\t\t\t<div class=\"elementor-cta\">\n\t\t\t\t\t<div class=\"elementor-cta__bg-wrapper\">\n\t\t\t\t<div class=\"elementor-cta__bg elementor-bg\" style=\"background-image: url(https:\/\/amashop.hu\/wp-content\/uploads\/2025\/11\/amashop_ebook-1024x717.jpg);\" role=\"img\" aria-label=\"amashop_ebook\"><\/div>\n\t\t\t\t<div class=\"elementor-cta__bg-overlay\"><\/div>\n\t\t\t<\/div>\n\t\t\t\t\t\t\t<div class=\"elementor-cta__content\">\n\t\t\t\t\n\t\t\t\t\t\t\t\t\t<h2 class=\"elementor-cta__title elementor-cta__content-item elementor-content-item\">\n\t\t\t\t\t\t10 dolog, amit tudnia kell, miel\u0151tt berendezi \u00fczlet\u00e9t.\t\t\t\t\t<\/h2>\n\t\t\t\t\n\t\t\t\t\t\t\t\t\t<div class=\"elementor-cta__description elementor-cta__content-item elementor-content-item\">\n\t\t\t\t\t\tIn this guide, we have compiled everything you need to consider before starting to furnish your store\u2014so that your store is not only beautiful, but also functional, profitable, and durable in the long term.\n\n\t\t\t\t\t<\/div>\n\t\t\t\t\n\t\t\t\t\t\t\t\t\t<div class=\"elementor-cta__button-wrapper elementor-cta__content-item elementor-content-item\">\n\t\t\t\t\t<a class=\"elementor-cta__button elementor-button elementor-size-\" href=\"#elementor-action%3Aaction%3Dpopup%3Aopen%26settings%3DeyJpZCI6Ijc2NTAiLCJ0b2dnbGUiOmZhbHNlfQ%3D%3D\">\n\t\t\t\t\t\tDownload\t\t\t\t\t<\/a>\n\t\t\t\t\t<\/div>\n\t\t\t\t\t\t\t<\/div>\n\t\t\t\t\t\t<\/div>\n\t\t\t\t\t\t<\/div>\n\t\t\t\t\t<\/div>\n\t\t\t\t<\/div>\n\t\t<div class=\"elementor-element elementor-element-a3425a1 e-flex e-con-boxed e-con e-parent\" data-id=\"a3425a1\" data-element_type=\"container\" data-settings=\"{&quot;background_background&quot;:&quot;classic&quot;}\">\n\t\t\t\t\t<div class=\"e-con-inner\">\n\t\t<div class=\"elementor-element elementor-element-4e073de e-con-full e-flex e-con e-child\" data-id=\"4e073de\" data-element_type=\"container\" data-settings=\"{&quot;background_background&quot;:&quot;classic&quot;}\">\n\t\t\t\t<div class=\"elementor-element elementor-element-fbdf262 elementor-widget elementor-widget-image\" data-id=\"fbdf262\" data-element_type=\"widget\" data-widget_type=\"image.default\">\n\t\t\t\t\t\t\t\t\t\t\t\t\t\t\t<img fetchpriority=\"high\" decoding=\"async\" width=\"2560\" height=\"1792\" src=\"https:\/\/amashop.hu\/wp-content\/uploads\/2025\/11\/tablet-mod-c-scaled.jpg\" class=\"attachment-full size-full wp-image-7750\" alt=\"E-Book: 10 dolog amit tudnia kell miel\u0151tt berendezi \u00fczlet\u00e9t\" srcset=\"https:\/\/amashop.hu\/wp-content\/uploads\/2025\/11\/tablet-mod-c-scaled.jpg 2560w, https:\/\/amashop.hu\/wp-content\/uploads\/2025\/11\/tablet-mod-c-300x210.jpg 300w, https:\/\/amashop.hu\/wp-content\/uploads\/2025\/11\/tablet-mod-c-1024x717.jpg 1024w, https:\/\/amashop.hu\/wp-content\/uploads\/2025\/11\/tablet-mod-c-768x538.jpg 768w, https:\/\/amashop.hu\/wp-content\/uploads\/2025\/11\/tablet-mod-c-1536x1075.jpg 1536w, https:\/\/amashop.hu\/wp-content\/uploads\/2025\/11\/tablet-mod-c-2048x1434.jpg 2048w, https:\/\/amashop.hu\/wp-content\/uploads\/2025\/11\/tablet-mod-c-18x12.jpg 18w\" sizes=\"(max-width: 2560px) 100vw, 2560px\" \/>\t\t\t\t\t\t\t\t\t\t\t\t\t\t\t<\/div>\n\t\t\t\t<\/div>\n\t\t<div class=\"elementor-element elementor-element-5c7ba3d e-con-full e-flex e-con e-child\" data-id=\"5c7ba3d\" data-element_type=\"container\" data-settings=\"{&quot;background_background&quot;:&quot;classic&quot;}\">\n\t\t\t\t<div class=\"elementor-element elementor-element-d242e20 elementor-widget-divider--view-line_text elementor-widget-divider--element-align-left elementor-widget elementor-widget-divider\" data-id=\"d242e20\" data-element_type=\"widget\" data-widget_type=\"divider.default\">\n\t\t\t\t\t\t\t<div class=\"elementor-divider\">\n\t\t\t<span class=\"elementor-divider-separator\">\n\t\t\t\t\t\t\t<span class=\"elementor-divider__text elementor-divider__element\">\n\t\t\t\tE-book\t\t\t\t<\/span>\n\t\t\t\t\t\t<\/span>\n\t\t<\/div>\n\t\t\t\t\t\t<\/div>\n\t\t\t\t<div class=\"elementor-element elementor-element-30e4b92 notranslate elementor-widget elementor-widget-qi_addons_for_elementor_animated_text\" data-id=\"30e4b92\" data-element_type=\"widget\" data-no-translation=\"\" data-widget_type=\"qi_addons_for_elementor_animated_text.default\">\n\t\t\t\t<div class=\"elementor-widget-container\">\n\t\t\t\t\t<style>.elementor-element-30e4b92{display:none !important}<\/style>\t\t\t\t<\/div>\n\t\t\t\t<\/div>\n\t\t\t\t<div class=\"elementor-element elementor-element-647e732 notranslate elementor-widget elementor-widget-qi_addons_for_elementor_animated_text\" data-id=\"647e732\" data-element_type=\"widget\" data-no-translation=\"\" data-widget_type=\"qi_addons_for_elementor_animated_text.default\">\n\t\t\t\t<div class=\"elementor-widget-container\">\n\t\t\t\t\t<div class=\"qodef-shortcode qodef-m qodef-qi-animated-text qodef--animated-by-word qodef-qi--has-appear qodef--appear-from-bottom\" >\n\t\t<h2 class=\"qodef-m-title\">\n\t\t<span class=\"qodef-e-word\">10<\/span> <span class=\"qodef-e-word\">things<\/span> <span class=\"qodef-e-word\">you<\/span> <span class=\"qodef-e-word\">need<\/span> <span class=\"qodef-e-word\">to<\/span> <span class=\"qodef-e-word\">know<\/span> <span class=\"qodef-e-word\">before<\/span> <span class=\"qodef-e-word\">setting<\/span> <span class=\"qodef-e-word\">up<\/span> <span class=\"qodef-e-word\">your<\/span> <span class=\"qodef-e-word\">business.<\/span>\t<\/h2>\n<\/div>\n\t\t\t\t<\/div>\n\t\t\t\t<\/div>\n\t\t\t\t<div class=\"elementor-element elementor-element-85f359d elementor-cta--skin-classic elementor-animated-content elementor-bg-transform elementor-bg-transform-zoom-in elementor-widget elementor-widget-call-to-action\" data-id=\"85f359d\" data-element_type=\"widget\" data-widget_type=\"call-to-action.default\">\n\t\t\t\t\t\t\t<div class=\"elementor-cta\">\n\t\t\t\t\t\t\t<div class=\"elementor-cta__content\">\n\t\t\t\t\n\t\t\t\t\n\t\t\t\t\t\t\t\t\t<div class=\"elementor-cta__description elementor-cta__content-item elementor-content-item\">\n\t\t\t\t\t\tIn this guide, we have compiled everything you need to consider before starting to furnish your store\u2014so that your store is not only beautiful, but also functional, profitable, and durable in the long term.\n\t\t\t\t\t<\/div>\n\t\t\t\t\n\t\t\t\t\t\t\t<\/div>\n\t\t\t\t\t\t<\/div>\n\t\t\t\t\t\t<\/div>\n\t\t\t\t<div class=\"elementor-element elementor-element-e0e4dea elementor-button-align-start elementor-widget elementor-widget-form\" data-id=\"e0e4dea\" data-element_type=\"widget\" data-settings=\"{&quot;step_next_label&quot;:&quot;Next&quot;,&quot;step_previous_label&quot;:&quot;Previous&quot;,&quot;button_width&quot;:&quot;100&quot;,&quot;step_type&quot;:&quot;number_text&quot;,&quot;step_icon_shape&quot;:&quot;circle&quot;}\" data-widget_type=\"form.default\">\n\t\t\t\t\t\t\t<form class=\"elementor-form\" method=\"post\" name=\"Newsletter Form\" aria-label=\"Newsletter Form\" action=\"\">\n\t\t\t<input type=\"hidden\" name=\"post_id\" value=\"7633\"\/>\n\t\t\t<input type=\"hidden\" name=\"form_id\" value=\"e0e4dea\"\/>\n\t\t\t<input type=\"hidden\" name=\"referer_title\" value=\"\" \/>\n\n\t\t\t\n\t\t\t<div class=\"elementor-form-fields-wrapper elementor-labels-\">\n\t\t\t\t\t\t\t\t<div class=\"elementor-field-type-text elementor-field-group elementor-column elementor-field-group-field_87e298f elementor-col-100 elementor-field-required\">\n\t\t\t\t\t\t\t\t\t\t\t\t<label for=\"form-field-field_87e298f\" class=\"elementor-field-label elementor-screen-only\">\n\t\t\t\t\t\t\t\tName\t\t\t\t\t\t\t<\/label>\n\t\t\t\t\t\t\t\t\t\t\t\t\t\t<input size=\"1\" type=\"text\" name=\"form_fields[field_87e298f]\" id=\"form-field-field_87e298f\" class=\"elementor-field elementor-size-sm  elementor-field-textual\" placeholder=\"Enter your name\" required=\"required\">\n\t\t\t\t\t\t\t\t\t\t\t<\/div>\n\t\t\t\t\t\t\t\t<div class=\"elementor-field-type-email elementor-field-group elementor-column elementor-field-group-email elementor-col-100 elementor-field-required\">\n\t\t\t\t\t\t\t\t\t\t\t\t<label for=\"form-field-email\" class=\"elementor-field-label elementor-screen-only\">\n\t\t\t\t\t\t\t\tEnter your e-mail address\t\t\t\t\t\t\t<\/label>\n\t\t\t\t\t\t\t\t\t\t\t\t\t\t<input size=\"1\" type=\"email\" name=\"form_fields[email]\" id=\"form-field-email\" class=\"elementor-field elementor-size-sm  elementor-field-textual\" placeholder=\"Enter your e-mail address\" required=\"required\">\n\t\t\t\t\t\t\t\t\t\t\t<\/div>\n\t\t\t\t\t\t\t\t<div class=\"elementor-field-type-acceptance elementor-field-group elementor-column elementor-field-group-field_ccf7252 elementor-col-100 elementor-field-required\">\n\t\t\t\t\t\t\t\t\t\t\t\t<label for=\"form-field-field_ccf7252\" class=\"elementor-field-label elementor-screen-only\">\n\t\t\t\t\t\t\t\tGDPR\t\t\t\t\t\t\t<\/label>\n\t\t\t\t\t\t\t\t<div class=\"elementor-field-subgroup\">\n\t\t\t<span class=\"elementor-field-option\">\n\t\t\t\t<input type=\"checkbox\" name=\"form_fields[field_ccf7252]\" id=\"form-field-field_ccf7252\" class=\"elementor-field elementor-size-sm  elementor-acceptance-field\" required=\"required\">\n\t\t\t\t<label for=\"form-field-field_ccf7252\">I have read and accept the <a href=\"https:\/\/amashop.hu\/en\/data-management-information\/\" target=\"_blank\">Privacy notice<\/a> .\n<\/label>\t\t\t<\/span>\n\t\t<\/div>\n\t\t\t\t\t\t<\/div>\n\t\t\t\t\t\t\t\t<div class=\"elementor-field-group elementor-column elementor-field-type-submit elementor-col-100 e-form__buttons\">\n\t\t\t\t\t<button class=\"elementor-button elementor-size-sm\" type=\"submit\">\n\t\t\t\t\t\t<span class=\"elementor-button-content-wrapper\">\n\t\t\t\t\t\t\t\t\t\t\t\t\t\t\t\t\t\t\t\t\t\t<span class=\"elementor-button-text\">Download<\/span>\n\t\t\t\t\t\t\t\t\t\t\t\t\t<\/span>\n\t\t\t\t\t<\/button>\n\t\t\t\t<\/div>\n\t\t\t<\/div>\n\t\t<input type=\"hidden\" name=\"trp-form-language\" value=\"en\"\/><\/form>\n\t\t\t\t\t\t<\/div>\n\t\t\t\t<\/div>\n\t\t\t\t\t<\/div>\n\t\t\t\t<\/div>\n\t\t\t\t<\/div>","protected":false},"excerpt":{"rendered":"<p>Ingyenesen let\u00f6lthet\u0151 \u00fczletberendez\u00e9si \u00fatmutat\u00f3. 10 gyakorlati tan\u00e1cs, amellyel hat\u00e9konyabb\u00e1 teheti \u00fczlet\u00e9t \u00e9s n\u00f6velheti a v\u00e1s\u00e1rl\u00f3i \u00e9lm\u00e9nyt<\/p>","protected":false},"author":1,"featured_media":0,"parent":0,"menu_order":2,"comment_status":"closed","ping_status":"closed","template":"","meta":{"footnotes":""},"class_list":["post-7633","page","type-page","status-publish","hentry"],"_links":{"self":[{"href":"https:\/\/amashop.hu\/en\/wp-json\/wp\/v2\/pages\/7633","targetHints":{"allow":["GET"]}}],"collection":[{"href":"https:\/\/amashop.hu\/en\/wp-json\/wp\/v2\/pages"}],"about":[{"href":"https:\/\/amashop.hu\/en\/wp-json\/wp\/v2\/types\/page"}],"author":[{"embeddable":true,"href":"https:\/\/amashop.hu\/en\/wp-json\/wp\/v2\/users\/1"}],"replies":[{"embeddable":true,"href":"https:\/\/amashop.hu\/en\/wp-json\/wp\/v2\/comments?post=7633"}],"version-history":[{"count":65,"href":"https:\/\/amashop.hu\/en\/wp-json\/wp\/v2\/pages\/7633\/revisions"}],"predecessor-version":[{"id":8045,"href":"https:\/\/amashop.hu\/en\/wp-json\/wp\/v2\/pages\/7633\/revisions\/8045"}],"wp:attachment":[{"href":"https:\/\/amashop.hu\/en\/wp-json\/wp\/v2\/media?parent=7633"}],"curies":[{"name":"wp","href":"https:\/\/api.w.org\/{rel}","templated":true}]}}